{"id":1688,"date":"2020-03-28T08:41:00","date_gmt":"2020-03-28T07:41:00","guid":{"rendered":"https:\/\/getgrip.de\/blog\/?page_id=1688"},"modified":"2024-11-19T17:26:28","modified_gmt":"2024-11-19T16:26:28","slug":"homeoffice-software","status":"publish","type":"page","link":"https:\/\/getgrip.de\/blog\/homeoffice-software\/","title":{"rendered":"Homeoffice Software: erfolgreich von zuhause arbeiten"},"content":{"rendered":"\n<p>Soziale Distanz wahren ist in diesen Wochen angesagt\u2013pers\u00f6nliche Begegnungen sind zu vermeiden. Wir haben einige Software-Applikationen zusammen getragen, die Selbst\u00e4ndigen und Agenturen helfen, den Arbeitsalltag im Homeoffice erfolgreich zu meistern.<\/p>\n\n\n\n<figure class=\"wp-block-image size-large\"><img loading=\"lazy\" decoding=\"async\" width=\"760\" height=\"477\" src=\"https:\/\/getgrip.de\/blog\/wp-content\/uploads\/2017\/02\/strategie-social6.gif\" alt=\"Homeoffice Software\" class=\"wp-image-1391\"\/><\/figure>\n\n\n\n&nbsp;\n\n\n\n<h2 class=\"wp-block-heading\">Videokonferenzen<\/h2>\n\n\n\n<p>Seit dem Pandemie-Lockdown ist Videotelefonie h\u00e4ufig die einzige M\u00f6glichkeit sich beim Gespr\u00e4ch gegenseitig in die Augen zu sehen. Das ist gerade bei schwierigen Gespr\u00e4chen entscheidend. Es lohnt sich also, eine geeignete Infrastruktur zu w\u00e4hlen.<\/p>\n\n\n\n<figure class=\"wp-block-image size-large\"><img loading=\"lazy\" decoding=\"async\" width=\"1024\" height=\"640\" src=\"https:\/\/getgrip.de\/blog\/wp-content\/uploads\/2020\/04\/whereby-1024x640.png\" alt=\"Screenshot einer Videokonferenz\" class=\"wp-image-1723\" srcset=\"https:\/\/getgrip.de\/blog\/wp-content\/uploads\/2020\/04\/whereby-1024x640.png 1024w, https:\/\/getgrip.de\/blog\/wp-content\/uploads\/2020\/04\/whereby-300x188.png 300w, https:\/\/getgrip.de\/blog\/wp-content\/uploads\/2020\/04\/whereby-768x480.png 768w, https:\/\/getgrip.de\/blog\/wp-content\/uploads\/2020\/04\/whereby-1536x960.png 1536w, https:\/\/getgrip.de\/blog\/wp-content\/uploads\/2020\/04\/whereby.png 1840w\" sizes=\"auto, (max-width: 1024px) 100vw, 1024px\" \/><figcaption class=\"wp-element-caption\">Videokonferenz-System am Beispiel von Whereby<\/figcaption><\/figure>\n\n\n\n<h4 class=\"wp-block-heading\">Whereby<\/h4>\n\n\n\n<p>Hebt sich durch einfache Benutzung hervor. Man erstellt einen virtuellen Raum und gibt dessen URL an die Teilnehmer. Es ist keine Software-Installation notwendig. Die Kommunikation erfolgt, wo m\u00f6glich, direkt zwischen den Teilnehmen verschl\u00fcsselt und ohne Beteiligung der Server von Whereby. Die Firma hat ihren Sitz in Norwegen und erkl\u00e4rt ihren Service in einer ausf\u00fchrlichen Darlegung als DSGVO-konform. Kostenlos f\u00fcr pers\u00f6nlichen Bedarf. Beruflich ab 9,99 USD pro Monat oder 99,90 USD pro Jahr.<br><a style=\"user-select: auto;\" href=\"https:\/\/whereby.com\">whereby.com<\/a><\/p>\n\n\n\n<h4 class=\"wp-block-heading\">Blizz<\/h4>\n\n\n\n<p>Der Videokonferenz-Service Blizz stammt von der deutschen Firma TeamViewer, die auch die gleichnamige Screen-Sharing-Anwendung anbietet. Die Kommunikation erfolgt Ende-zu-Ende-verschl\u00fcsselt. Meetings mit bis zu 5 Teilnehmer sind kostenlos. Die kostenpflichtigen Tarife sind vergleichsweise g\u00fcnstig.<br><a style=\"user-select: auto;\" href=\"https:\/\/www.blizz.com\/de\/\">www.blizz.com\/de<\/a><\/p>\n\n\n\n<h4 class=\"wp-block-heading\">Nextcloud Talk<\/h4>\n\n\n\n<p>Talk bringt Videokonferenzen in die umfangreiche Cloudl\u00f6sung Nextcloud. Man kann die L\u00f6sung als Software as a Service (SaaS) buchen oder selbst installieren und betrieben. Es gibt SaaS-Anbieter <a href=\"https:\/\/nextcloud.com\/de\/sign-up\/\">in diversen L\u00e4ndern<\/a>. Die Software f\u00fcr eine <a href=\"https:\/\/nextcloud.com\/de\/install\/\">selbst gehostete L\u00f6sung<\/a> ist kostenlos verf\u00fcgbar. Nextcloud Talk bietet Ende-zu-Ende-Verschl\u00fcsselung.&nbsp;<br><a href=\"https:\/\/nextcloud.com\/de\/sign-up\/\">nextcloud.com\/de\/talk<\/a><\/p>\n\n\n\n<h4 class=\"wp-block-heading\">Jitsi und Jitsi Meet<\/h4>\n\n\n\n<p>Als Open-Source-L\u00f6sung kann man&nbsp;<a style=\"user-select: auto;\" href=\"https:\/\/jitsi.org\/\">Jitsi<\/a>&nbsp;im Self-Hosting betreiben. Schneller geht es, wenn man den Jitsi Meet Service auf&nbsp;<a style=\"user-select: auto;\" href=\"https:\/\/meet.jit.si\/\">meet.jit.si<\/a>&nbsp;verwendet. Er ist ohne Registrierung nutzbar. Nach eigenen Angaben wird der Service durch einen Sponsor finanziert und scheint in den USA betrieben zu werden. Support gibt es ausschlie\u00dflich im Community Forum. Datenschutzrechtlich unklar.  Jitsi funktioniert nur mit Chrome, nicht bspw. mit Firefox.<br><a style=\"user-select: auto;\" href=\"https:\/\/meet.jit.si\/\">meet.jit.si<\/a><\/p>\n\n\n\n<p>Ein in Deutschland gehosteter Jitsi-Service ist ebenfalls verf\u00fcgbar:<br><a rel=\"noreferrer noopener\" href=\"https:\/\/www.experte.de\/online-meeting\" target=\"_blank\">www.experte.de\/online-meeting<\/a><\/p>\n\n\n\n<h4 class=\"wp-block-heading\">Microsoft Teams<\/h4>\n\n\n\n<p>Als Organisator braucht man ein Microsoft Account, z.B. enthalten in Office 365. An Meetings teilnehmen ist ohne App m\u00f6glich (Chrome, kein Firefox). Gesch\u00e4ftsdaten werden nach eigener Aussage in Deutschland gespeichert.<br><a style=\"user-select: auto;\" href=\"https:\/\/products.office.com\/de-de\/microsoft-teams\/\">products.office.com\/de-de\/microsoft-teams<\/a><\/p>\n\n\n\n<h4 class=\"wp-block-heading\">Zoom<\/h4>\n\n\n\n<p>Im kostenlosen Tarif werden Meetings bis 40 Minuten unterst\u00fctzt. Danach werden sie abgebrochen. M\u00f6glich sind bis zu 100 Teilnehmer. Zoom ist der \u201crising Star\u201d unter den Videokonferenz-Plattformen. Das Angebot wirft allerdings datenschutzrechtliche Fragen auf. So wurden Hinweise entdeckt, dass die&nbsp;<a style=\"user-select: auto;\" href=\"https:\/\/www.vice.com\/en_us\/article\/k7e599\/zoom-ios-app-sends-data-to-facebook-even-if-you-dont-have-a-facebook-account\">iOS-App von Zoom heimlich Ger\u00e4tedaten an Facebook \u00fcbermittelt<\/a>.<br><a style=\"user-select: auto;\" href=\"https:\/\/zoom.us\/de\">zoom.us\/de<\/a><\/p>\n\n\n\n<h4 class=\"wp-block-heading\">Cisco Webex<\/h4>\n\n\n\n<p>Der Klassiker. Schon im kostenlosen Tarif sind bis zu 100 Teilnehmer m\u00f6glich. Meetings sind &#8222;vollst\u00e4ndig verschl\u00fcsselt&#8220;. Etwas angestaubte, gro\u00dfkonzerntypische Anmutung.<br><a style=\"user-select: auto;\" href=\"https:\/\/www.webex.com\/de\/\">www.webex.com\/de<\/a><\/p>\n\n\n\n<h4 class=\"wp-block-heading\">F\u00fcr kleine Meetings<\/h4>\n\n\n\n<p>F\u00fcr ein direktes Gespr\u00e4ch mit ein bis drei Gespr\u00e4chspartnern k\u00f6nnen auch L\u00f6sungen wie Skype, Facetime, WhatsApp, Google Duo usw. funktionieren. Als Konsumentenprodukte vermitteln sie jedoch wenig Professionalit\u00e4t. Au\u00dferdem gestaltet sich ihre Nutzung im Einklang mit Datenschutzauflagen sowie Sicherheitsanforderungen schwierig. Daher empfiehlt es sich eher direkt auf eine saubere Videokonferenz-L\u00f6sung zu setzen.<\/p>\n\n\n\n&nbsp;\n\n\n\n<h2 class=\"wp-block-heading\">Chat-Systeme<\/h2>\n\n\n\n<figure class=\"wp-block-image size-large\"><img loading=\"lazy\" decoding=\"async\" width=\"1024\" height=\"580\" src=\"https:\/\/getgrip.de\/blog\/wp-content\/uploads\/2020\/04\/mattermost-1024x580.png\" alt=\"Screenshot eines Chat-Systems\" class=\"wp-image-1724\" srcset=\"https:\/\/getgrip.de\/blog\/wp-content\/uploads\/2020\/04\/mattermost-1024x580.png 1024w, https:\/\/getgrip.de\/blog\/wp-content\/uploads\/2020\/04\/mattermost-300x170.png 300w, https:\/\/getgrip.de\/blog\/wp-content\/uploads\/2020\/04\/mattermost-768x435.png 768w, https:\/\/getgrip.de\/blog\/wp-content\/uploads\/2020\/04\/mattermost-1536x871.png 1536w, https:\/\/getgrip.de\/blog\/wp-content\/uploads\/2020\/04\/mattermost.png 1565w\" sizes=\"auto, (max-width: 1024px) 100vw, 1024px\" \/><figcaption class=\"wp-element-caption\">Chat am Beispiel von Mattermost<\/figcaption><\/figure>\n\n\n\n<h4 class=\"wp-block-heading\">Slack<\/h4>\n\n\n\n<p>Slack ist der Platzhirsch unter den Chat-Systemen. Es bietet zahlreiche Erweiterungen und Intgrationen. Es gibt eine kostenlose Version zum Ausprobieren. F\u00fcr den professionellen Einsatz eignet sie sich kaum, weil man nur auf die letzten 10.000 Nachrichten zugreifen kann. Slack hat seinen Sitz in den USA.<br><a href=\"https:\/\/slack.com\/\">https:\/\/slack.com\/<\/a><\/p>\n\n\n\n<h4 class=\"wp-block-heading\">Microsoft Teams<\/h4>\n\n\n\n<p>Der Erfolg von Slack hat Microsoft dazu inspiriert, Teams zu entwickeln und das umst\u00e4ndliche Skype for Business in den Ruhestand zu schicken. Und Teams ist tats\u00e4chlich eine sehr deutliche Verbesserung. Neben den oben erw\u00e4hnten Videokonferenzen kann es auch f\u00fcr Sprachanrufe und Chatten verwendet werden. Die Integration in den Office-Kalender ist vorbildlich.<br><a style=\"user-select: auto;\" href=\"https:\/\/products.office.com\/de-de\/microsoft-teams\/\">products.office.com\/de-de\/microsoft-teams<\/a><\/p>\n\n\n\n<h4 class=\"wp-block-heading\">Twist<\/h4>\n\n\n\n<p>Twist ist ein Ableger der bekannten Aufgabenverwaltung Todoist. Es versucht einen &#8222;stilleren&#8220; Ansatz als klassische Chat-Systeme, die auf jede kleine Nachricht aufmerksam machen. Twist hat zum Ziel den Benutzern unterbrechungsfreie Zeiten zu g\u00f6nnen. Ein gutes Ziel, aber ein sehr weiter Spagat f\u00fcr ein Chat-System, wo am anderen Ende mit E-Mail bereits in etabliertes asynchrones Medium existiert.<br><a style=\"user-select: auto;\" href=\"https:\/\/twist.com\/\">https:\/\/twist.com\/<\/a><\/p>\n\n\n\n<h4 class=\"wp-block-heading\">Zulip Chat<\/h4>\n\n\n\n<p>Zulip orientiert sich stark an Slack, ist jedoch open-source. Es gibt ein Cloud-Hosting, das sich exakt an der Preisgestaltung von Slack ausrichtet. Alternativ l\u00e4sst sich das System auch auf eigenen Servern betreiben.<br><a style=\"user-select: auto;\" href=\"https:\/\/zulipchat.com\/\">https:\/\/zulipchat.com\/<\/a><\/p>\n\n\n\n<h4 class=\"wp-block-heading\">Riot \/ Matrix<\/h4>\n\n\n\n<p>Riot ist ein weiteres Open-Source-System, das Slack \u00e4hnelt. Sowohl Self-hosting als auch eine fertige Cloud-L\u00f6sung unter dem Name <a style=\"user-select: auto;\" href=\"https:\/\/modular.im\/\">Modular<\/a> sind verf\u00fcgbar.<br><a href=\"https:\/\/riot.im\">https:\/\/riot.im<\/a><\/p>\n\n\n\n<h4 class=\"wp-block-heading\">Mattermost<\/h4>\n\n\n\n<p>Es ist vielleicht die bekannteste Slack-Alternative. Mattermost ist Open-Source-Software. Man kann es also selbst betreiben. Oder man \u00fcberl\u00e4sst dem Anbieter das Hosting. Mattermost wendet sich eher an gro\u00dfe Unternehmen, wobei das Preismodell der Cloud-Variante durchaus f\u00fcr kleine und mittlere Unternehmen funktionieren kann.<br><a style=\"user-select: auto;\" href=\"https:\/\/mattermost.com\/\">https:\/\/mattermost.com\/<\/a><\/p>\n\n\n\n<h4 class=\"wp-block-heading\">Nextcloud Talk<\/h4>\n\n\n\n<p>In der Videokonferenz-L\u00f6sung Nextcloud Talk ist auch ein einfaches Chat-System enthalten. Anders als in den meisten Videokonferenz-Systemen sind die Chatverl\u00e4ufe unabh\u00e4ngig von Online-Meetings und bleiben dauerhaft nutzbar.<br><a style=\"user-select: auto;\" href=\"https:\/\/nextcloud.com\/de\/talk\/\">nextcloud.com\/de\/talk<\/a><\/p>\n\n\n\n&nbsp;\n\n\n\n<h2 class=\"wp-block-heading\">Zusammenarbeit in Design und\/oder Entwicklung<\/h2>\n\n\n\n<figure class=\"wp-block-image size-large\"><img loading=\"lazy\" decoding=\"async\" width=\"1024\" height=\"576\" src=\"https:\/\/getgrip.de\/blog\/wp-content\/uploads\/2020\/04\/tuple.jpg\" alt=\"Screensharing-Werkzeug f\u00fcr Programmierer\" class=\"wp-image-1725\" srcset=\"https:\/\/getgrip.de\/blog\/wp-content\/uploads\/2020\/04\/tuple.jpg 1024w, https:\/\/getgrip.de\/blog\/wp-content\/uploads\/2020\/04\/tuple-300x169.jpg 300w, https:\/\/getgrip.de\/blog\/wp-content\/uploads\/2020\/04\/tuple-768x432.jpg 768w\" sizes=\"auto, (max-width: 1024px) 100vw, 1024px\" \/><figcaption class=\"wp-element-caption\">Pair-Programmierung mit Tuple<\/figcaption><\/figure>\n\n\n\n<h4 class=\"wp-block-heading\">Zeplin<\/h4>\n\n\n\n<p>Importiert Designs aus Sketch, Figma, Photoshop etc. und generiert CSS und anderen Code. Cloud-basiert mit nativen Clients.<br><a style=\"user-select: auto;\" href=\"https:\/\/zeplin.io\">zeplin.io<\/a><\/p>\n\n\n\n<h4 class=\"wp-block-heading\">Tuple Screensharing f\u00fcr Pair Programming<\/h4>\n\n\n\n<p>Kostenpflichtiges Screensharing speziell f\u00fcr Entwickler mit einigen interessanten Features. US-basiert und nur f\u00fcr Mac.<br><a style=\"user-select: auto;\" href=\"https:\/\/tuple.app\/\">tuple.app<\/a><\/p>\n\n\n\n&nbsp;\n\n\n\n<h2 class=\"wp-block-heading\">Zusammenarbeit an Dateien<\/h2>\n\n\n\n<figure class=\"wp-block-image size-large\"><img loading=\"lazy\" decoding=\"async\" width=\"1024\" height=\"536\" src=\"https:\/\/getgrip.de\/blog\/wp-content\/uploads\/2020\/04\/nextcloud-files-1024x536.png\" alt=\"Screenshot einer Cloud-Storage f\u00fcr Dateien\" class=\"wp-image-1726\" srcset=\"https:\/\/getgrip.de\/blog\/wp-content\/uploads\/2020\/04\/nextcloud-files-1024x536.png 1024w, https:\/\/getgrip.de\/blog\/wp-content\/uploads\/2020\/04\/nextcloud-files-300x157.png 300w, https:\/\/getgrip.de\/blog\/wp-content\/uploads\/2020\/04\/nextcloud-files-768x402.png 768w, https:\/\/getgrip.de\/blog\/wp-content\/uploads\/2020\/04\/nextcloud-files.png 1276w\" sizes=\"auto, (max-width: 1024px) 100vw, 1024px\" \/><figcaption class=\"wp-element-caption\">Dateien teilen am Beispiel von Nextcloud<\/figcaption><\/figure>\n\n\n\n<h4 class=\"wp-block-heading\">Nextcloud Files<\/h4>\n\n\n\n<p>Synchronisierung und Freigabe von Dateien, Zusammenarbeit an Dateien.\u00a0<a href=\"https:\/\/nextcloud.com\/de\/sign-up\">Hosting in diversen L\u00e4ndern<\/a>. Software kostenlos verf\u00fcgbar und\u00a0<a href=\"https:\/\/nextcloud.com\/de\/install\/\">Selbst-Hosting<\/a>\u00a0m\u00f6glich.\u00a0<br><a href=\"https:\/\/nextcloud.com\/files\/\">nextcloud.com\/files<\/a><\/p>\n\n\n\n<h4 class=\"wp-block-heading\">Firefox Send<\/h4>\n\n\n\n<p>Dateien von bis zu 1 GB unkompliziert verschicken. Mit Konto sind bis zu 2,5 GB m\u00f6glich. Sch\u00f6n ist, dass der Link automatisch gel\u00f6scht wird. Laut Firefox wird Ende-zu-Ende verschl\u00fcsselt. Je nach Inhalt empfiehlt es sich die Datei(en) in einer passwortgesch\u00fctzten Zip-Datei o.\u00e4. zu verschicken.<br><a style=\"user-select: auto;\" href=\"https:\/\/send.firefox.com\/\">send.firefox.com<\/a><\/p>\n\n\n\n<h4 class=\"wp-block-heading\">Web.de Cloudspeicher<\/h4>\n\n\n\n<p>Web.de bietet bis zu 1 TB kostenpflichtigen Speicherplatz in seiner Cloud. Freigaben und Synchronisierung m\u00f6glich. Hosting in Deutschland. Mindestvertragslaufzeit sind 12 Monate.&nbsp;<br><a style=\"user-select: auto;\" href=\"https:\/\/shop.web.de\/onlinespeicher\/\">shop.web.de\/onlinespeicher<\/a><\/p>\n\n\n\n<h4 class=\"wp-block-heading\">Strato Cloudspeicher<\/h4>\n\n\n\n<p>Der Hoster Strato bietet bis zu 1 TB kostenpflichtigen Speicherplatz in seiner Cloud. Freigaben und Synchronisierung m\u00f6glich. Hosting in Deutschland. Mindestvertragslaufzeit sind 12 Monate.&nbsp;<br><a style=\"user-select: auto;\" href=\"https:\/\/www.strato.de\/cloud-speicher\/\">www.strato.de\/cloud-speicher<\/a><\/p>\n\n\n\n<h4 class=\"wp-block-heading\">Boxcryptor<\/h4>\n\n\n\n<p>Boxcryptor ist kein Cloud-Speicher, sondern eine Art Erweiterung f\u00fcr besondere Anforderungen an die Vertraulichkeit. Ein Cloud-Speicher wird zus\u00e4tzlich ben\u00f6tigt. Boxcryptor verschl\u00fcsselt Dateien bevor sie in den Cloud-Speicher hochgeladen werden. Die zus\u00e4tzliche Sicherheit erschwert nach unserer Erfahrung die Nutzung in der Praxis. F\u00fcr besonders sensible Daten ist es aber eine feine Alternative zum Self-Hosting.<br><a style=\"user-select: auto;\" href=\"https:\/\/www.boxcryptor.com\/de\/\">www.boxcryptor.com\/de<\/a><\/p>\n\n\n\n&nbsp;\n\n\n\n<h2 class=\"wp-block-heading\">Fehlt etwas N\u00fctzliches?<\/h2>\n\n\n\n<p>Nat\u00fcrlich! Wenn du Angebote schreibst, schau dir mal <a style=\"user-select: auto;\" href=\"\/\">Grip<\/a> an. Das ist unsere <a href=\"\/\">Angebotssoftware f\u00fcr Selbst\u00e4ndige und Agenturen<\/a> im Bereich Webdesign, SEO, Marketing, Beratung und Co.<\/p>\n\n\n\n<p>Welche Homeoffice Software nutzt du? Fehlt ein Werkzeug, das dir gute Dienste leistet? Wir freuen uns \u00fcber Tipps per E-Mail an \n<script type=\"text\/javascript\" style=\"user-select: auto;\">eval(decodeURIComponent('%64%6f%63%75%6d%65%6e%74%2e%77%72%69%74%65%28%27%3c%61%20%68%72%65%66%3d%5c%22%6d%61%69%6c%74%6f%3a%73%75%70%70%6f%72%74%40%67%65%74%67%72%69%70%2e%64%65%5c%22%3e%73%75%70%70%6f%72%74%40%67%65%74%67%72%69%70%2e%64%65%3c%5c%2f%61%3e%27%29%3b'))<\/script>\n<\/p>\n","protected":false},"excerpt":{"rendered":"<p>Soziale Distanz wahren ist in diesen Wochen angesagt\u2013pers\u00f6nliche Begegnungen sind zu vermeiden. Wir haben einige Software-Applikationen zusammen getragen, die Selbst\u00e4ndigen und Agenturen helfen, den Arbeitsalltag im Homeoffice erfolgreich zu meistern. (&hellip;) <a href=\"https:\/\/getgrip.de\/blog\/homeoffice-software\/\">Weiterlesen<\/a><\/p>\n","protected":false},"author":1,"featured_media":1391,"parent":0,"menu_order":0,"comment_status":"closed","ping_status":"closed","template":"","meta":{"footnotes":""},"class_list":["post-1688","page","type-page","status-publish","has-post-thumbnail","hentry"],"yoast_head":"<!-- This site is optimized with the Yoast SEO plugin v27.3 - https:\/\/yoast.com\/product\/yoast-seo-wordpress\/ -->\n<title>Homeoffice Software: Die besten Tools f\u00fcr Selbst\u00e4ndige und kleine Firmen<\/title>\n<meta name=\"description\" content=\"Liste der besten Homeoffice Software f\u00fcr die virtuelle Zusammenarbeit mit Kunden und Kollegen. Online Verkaufsgespr\u00e4ch, Meeting, Paar-Programmierung\" \/>\n<meta name=\"robots\" content=\"index, follow, max-snippet:-1, max-image-preview:large, max-video-preview:-1\" \/>\n<link rel=\"canonical\" href=\"https:\/\/getgrip.de\/blog\/homeoffice-software\/\" \/>\n<meta property=\"og:locale\" content=\"de_DE\" \/>\n<meta property=\"og:type\" content=\"article\" \/>\n<meta property=\"og:title\" content=\"Homeoffice Software: Die besten Tools f\u00fcr Selbst\u00e4ndige und kleine Firmen\" \/>\n<meta property=\"og:description\" content=\"Liste der besten Homeoffice Software f\u00fcr die virtuelle Zusammenarbeit mit Kunden und Kollegen. Online Verkaufsgespr\u00e4ch, Meeting, Paar-Programmierung\" \/>\n<meta property=\"og:url\" content=\"https:\/\/getgrip.de\/blog\/homeoffice-software\/\" \/>\n<meta property=\"og:site_name\" content=\"Grip Blog\" \/>\n<meta property=\"article:publisher\" content=\"https:\/\/www.facebook.com\/grip.angebotssoftware\" \/>\n<meta property=\"article:modified_time\" content=\"2024-11-19T16:26:28+00:00\" \/>\n<meta property=\"og:image\" content=\"https:\/\/getgrip.de\/blog\/wp-content\/uploads\/2017\/02\/strategie-social6.gif\" \/>\n\t<meta property=\"og:image:width\" content=\"760\" \/>\n\t<meta property=\"og:image:height\" content=\"477\" \/>\n\t<meta property=\"og:image:type\" content=\"image\/gif\" \/>\n<meta name=\"twitter:card\" content=\"summary_large_image\" \/>\n<meta name=\"twitter:site\" content=\"@grip_app\" \/>\n<meta name=\"twitter:label1\" content=\"Gesch\u00e4tzte Lesezeit\" \/>\n\t<meta name=\"twitter:data1\" content=\"8\u00a0Minuten\" \/>\n<script type=\"application\/ld+json\" class=\"yoast-schema-graph\">{\"@context\":\"https:\\\/\\\/schema.org\",\"@graph\":[{\"@type\":\"WebPage\",\"@id\":\"https:\\\/\\\/getgrip.de\\\/blog\\\/homeoffice-software\\\/\",\"url\":\"https:\\\/\\\/getgrip.de\\\/blog\\\/homeoffice-software\\\/\",\"name\":\"Homeoffice Software: Die besten Tools f\u00fcr Selbst\u00e4ndige und kleine Firmen\",\"isPartOf\":{\"@id\":\"https:\\\/\\\/getgrip.de\\\/blog\\\/#website\"},\"primaryImageOfPage\":{\"@id\":\"https:\\\/\\\/getgrip.de\\\/blog\\\/homeoffice-software\\\/#primaryimage\"},\"image\":{\"@id\":\"https:\\\/\\\/getgrip.de\\\/blog\\\/homeoffice-software\\\/#primaryimage\"},\"thumbnailUrl\":\"https:\\\/\\\/getgrip.de\\\/blog\\\/wp-content\\\/uploads\\\/2017\\\/02\\\/strategie-social6.gif\",\"datePublished\":\"2020-03-28T07:41:00+00:00\",\"dateModified\":\"2024-11-19T16:26:28+00:00\",\"description\":\"Liste der besten Homeoffice Software f\u00fcr die virtuelle Zusammenarbeit mit Kunden und Kollegen. Online Verkaufsgespr\u00e4ch, Meeting, Paar-Programmierung\",\"inLanguage\":\"de\",\"potentialAction\":[{\"@type\":\"ReadAction\",\"target\":[\"https:\\\/\\\/getgrip.de\\\/blog\\\/homeoffice-software\\\/\"]}]},{\"@type\":\"ImageObject\",\"inLanguage\":\"de\",\"@id\":\"https:\\\/\\\/getgrip.de\\\/blog\\\/homeoffice-software\\\/#primaryimage\",\"url\":\"https:\\\/\\\/getgrip.de\\\/blog\\\/wp-content\\\/uploads\\\/2017\\\/02\\\/strategie-social6.gif\",\"contentUrl\":\"https:\\\/\\\/getgrip.de\\\/blog\\\/wp-content\\\/uploads\\\/2017\\\/02\\\/strategie-social6.gif\",\"width\":760,\"height\":477,\"caption\":\"Homeoffice Software\"},{\"@type\":\"WebSite\",\"@id\":\"https:\\\/\\\/getgrip.de\\\/blog\\\/#website\",\"url\":\"https:\\\/\\\/getgrip.de\\\/blog\\\/\",\"name\":\"Grip Blog\",\"description\":\"Professionelle Angebote schreiben. In Rekordzeit.\",\"publisher\":{\"@id\":\"https:\\\/\\\/getgrip.de\\\/blog\\\/#organization\"},\"potentialAction\":[{\"@type\":\"SearchAction\",\"target\":{\"@type\":\"EntryPoint\",\"urlTemplate\":\"https:\\\/\\\/getgrip.de\\\/blog\\\/?s={search_term_string}\"},\"query-input\":{\"@type\":\"PropertyValueSpecification\",\"valueRequired\":true,\"valueName\":\"search_term_string\"}}],\"inLanguage\":\"de\"},{\"@type\":\"Organization\",\"@id\":\"https:\\\/\\\/getgrip.de\\\/blog\\\/#organization\",\"name\":\"Grip by T8 Lab GmbH\",\"url\":\"https:\\\/\\\/getgrip.de\\\/blog\\\/\",\"logo\":{\"@type\":\"ImageObject\",\"inLanguage\":\"de\",\"@id\":\"https:\\\/\\\/getgrip.de\\\/blog\\\/#\\\/schema\\\/logo\\\/image\\\/\",\"url\":\"https:\\\/\\\/getgrip.de\\\/blog\\\/wp-content\\\/uploads\\\/2016\\\/01\\\/grip_inverse_sm.png\",\"contentUrl\":\"https:\\\/\\\/getgrip.de\\\/blog\\\/wp-content\\\/uploads\\\/2016\\\/01\\\/grip_inverse_sm.png\",\"width\":200,\"height\":51,\"caption\":\"Grip by T8 Lab GmbH\"},\"image\":{\"@id\":\"https:\\\/\\\/getgrip.de\\\/blog\\\/#\\\/schema\\\/logo\\\/image\\\/\"},\"sameAs\":[\"https:\\\/\\\/www.facebook.com\\\/grip.angebotssoftware\",\"https:\\\/\\\/x.com\\\/grip_app\"]}]}<\/script>\n<!-- \/ Yoast SEO plugin. -->","yoast_head_json":{"title":"Homeoffice Software: Die besten Tools f\u00fcr Selbst\u00e4ndige und kleine Firmen","description":"Liste der besten Homeoffice Software f\u00fcr die virtuelle Zusammenarbeit mit Kunden und Kollegen. Online Verkaufsgespr\u00e4ch, Meeting, Paar-Programmierung","robots":{"index":"index","follow":"follow","max-snippet":"max-snippet:-1","max-image-preview":"max-image-preview:large","max-video-preview":"max-video-preview:-1"},"canonical":"https:\/\/getgrip.de\/blog\/homeoffice-software\/","og_locale":"de_DE","og_type":"article","og_title":"Homeoffice Software: Die besten Tools f\u00fcr Selbst\u00e4ndige und kleine Firmen","og_description":"Liste der besten Homeoffice Software f\u00fcr die virtuelle Zusammenarbeit mit Kunden und Kollegen. Online Verkaufsgespr\u00e4ch, Meeting, Paar-Programmierung","og_url":"https:\/\/getgrip.de\/blog\/homeoffice-software\/","og_site_name":"Grip Blog","article_publisher":"https:\/\/www.facebook.com\/grip.angebotssoftware","article_modified_time":"2024-11-19T16:26:28+00:00","og_image":[{"width":760,"height":477,"url":"https:\/\/getgrip.de\/blog\/wp-content\/uploads\/2017\/02\/strategie-social6.gif","type":"image\/gif"}],"twitter_card":"summary_large_image","twitter_site":"@grip_app","twitter_misc":{"Gesch\u00e4tzte Lesezeit":"8\u00a0Minuten"},"schema":{"@context":"https:\/\/schema.org","@graph":[{"@type":"WebPage","@id":"https:\/\/getgrip.de\/blog\/homeoffice-software\/","url":"https:\/\/getgrip.de\/blog\/homeoffice-software\/","name":"Homeoffice Software: Die besten Tools f\u00fcr Selbst\u00e4ndige und kleine Firmen","isPartOf":{"@id":"https:\/\/getgrip.de\/blog\/#website"},"primaryImageOfPage":{"@id":"https:\/\/getgrip.de\/blog\/homeoffice-software\/#primaryimage"},"image":{"@id":"https:\/\/getgrip.de\/blog\/homeoffice-software\/#primaryimage"},"thumbnailUrl":"https:\/\/getgrip.de\/blog\/wp-content\/uploads\/2017\/02\/strategie-social6.gif","datePublished":"2020-03-28T07:41:00+00:00","dateModified":"2024-11-19T16:26:28+00:00","description":"Liste der besten Homeoffice Software f\u00fcr die virtuelle Zusammenarbeit mit Kunden und Kollegen. Online Verkaufsgespr\u00e4ch, Meeting, Paar-Programmierung","inLanguage":"de","potentialAction":[{"@type":"ReadAction","target":["https:\/\/getgrip.de\/blog\/homeoffice-software\/"]}]},{"@type":"ImageObject","inLanguage":"de","@id":"https:\/\/getgrip.de\/blog\/homeoffice-software\/#primaryimage","url":"https:\/\/getgrip.de\/blog\/wp-content\/uploads\/2017\/02\/strategie-social6.gif","contentUrl":"https:\/\/getgrip.de\/blog\/wp-content\/uploads\/2017\/02\/strategie-social6.gif","width":760,"height":477,"caption":"Homeoffice Software"},{"@type":"WebSite","@id":"https:\/\/getgrip.de\/blog\/#website","url":"https:\/\/getgrip.de\/blog\/","name":"Grip Blog","description":"Professionelle Angebote schreiben. In Rekordzeit.","publisher":{"@id":"https:\/\/getgrip.de\/blog\/#organization"},"potentialAction":[{"@type":"SearchAction","target":{"@type":"EntryPoint","urlTemplate":"https:\/\/getgrip.de\/blog\/?s={search_term_string}"},"query-input":{"@type":"PropertyValueSpecification","valueRequired":true,"valueName":"search_term_string"}}],"inLanguage":"de"},{"@type":"Organization","@id":"https:\/\/getgrip.de\/blog\/#organization","name":"Grip by T8 Lab GmbH","url":"https:\/\/getgrip.de\/blog\/","logo":{"@type":"ImageObject","inLanguage":"de","@id":"https:\/\/getgrip.de\/blog\/#\/schema\/logo\/image\/","url":"https:\/\/getgrip.de\/blog\/wp-content\/uploads\/2016\/01\/grip_inverse_sm.png","contentUrl":"https:\/\/getgrip.de\/blog\/wp-content\/uploads\/2016\/01\/grip_inverse_sm.png","width":200,"height":51,"caption":"Grip by T8 Lab GmbH"},"image":{"@id":"https:\/\/getgrip.de\/blog\/#\/schema\/logo\/image\/"},"sameAs":["https:\/\/www.facebook.com\/grip.angebotssoftware","https:\/\/x.com\/grip_app"]}]}},"_links":{"self":[{"href":"https:\/\/getgrip.de\/blog\/wp-json\/wp\/v2\/pages\/1688","targetHints":{"allow":["GET"]}}],"collection":[{"href":"https:\/\/getgrip.de\/blog\/wp-json\/wp\/v2\/pages"}],"about":[{"href":"https:\/\/getgrip.de\/blog\/wp-json\/wp\/v2\/types\/page"}],"author":[{"embeddable":true,"href":"https:\/\/getgrip.de\/blog\/wp-json\/wp\/v2\/users\/1"}],"replies":[{"embeddable":true,"href":"https:\/\/getgrip.de\/blog\/wp-json\/wp\/v2\/comments?post=1688"}],"version-history":[{"count":25,"href":"https:\/\/getgrip.de\/blog\/wp-json\/wp\/v2\/pages\/1688\/revisions"}],"predecessor-version":[{"id":1842,"href":"https:\/\/getgrip.de\/blog\/wp-json\/wp\/v2\/pages\/1688\/revisions\/1842"}],"wp:featuredmedia":[{"embeddable":true,"href":"https:\/\/getgrip.de\/blog\/wp-json\/wp\/v2\/media\/1391"}],"wp:attachment":[{"href":"https:\/\/getgrip.de\/blog\/wp-json\/wp\/v2\/media?parent=1688"}],"curies":[{"name":"wp","href":"https:\/\/api.w.org\/{rel}","templated":true}]}}