{"id":575,"date":"2015-03-26T11:35:18","date_gmt":"2015-03-26T10:35:18","guid":{"rendered":"http:\/\/blog.getgrip.de\/?page_id=575"},"modified":"2024-11-15T12:15:48","modified_gmt":"2024-11-15T11:15:48","slug":"rechnungsvorlage-mit-verschiedenen-mwst-saetzen-fuer-ms-office","status":"publish","type":"page","link":"https:\/\/getgrip.de\/blog\/unterlagen\/rechnungsvorlage-mit-verschiedenen-mwst-saetzen-fuer-ms-office\/","title":{"rendered":"Rechnungsvorlage f\u00fcr kreative Leistungen (MS-Office)"},"content":{"rendered":"\n<p>Diese Rechnungsvorlage ist optimiert f\u00fcr die Abrechnung von kreativen Dienstleistungen wie Webdesign, Webentwicklung, Softwareentwicklung, Beratung oder SEO. Verst\u00e4ndlichkeit und \u00dcbersichtlichkeit stehen im Vordergrund.<\/p>\n\n\n\n<p>Unsere Vorlage f\u00fcr die Erstellung professioneller Rechnungen mit Hilfe von Microsoft Office verbindet die flexiblen Gestaltungsm\u00f6glichkeiten von Word mit der komfortablen Kalkulation in Excel. Die Vorlage selbst ist ein Word-Dokument, die Abrechnung der einzelnen Positionen und Berechnung der Steuern erfolgt in einem eingebetteten Tabellenblatt. F\u00fcr Nutzer von MS-Office ist das eine ideale Kombination.<\/p>\n\n\n\n<p><a class=\"download-button\" href=\"https:\/\/getgrip.de\/blog\/wp-content\/uploads\/2016\/01\/Vorlage_Rechnung_mit_unterschiedlicher_MwSt.docx\">Rechnungsvorlage downloaden<\/a><\/p>\n\n\n<div class=\"wp-block-image\">\n<figure class=\"alignright\"><a href=\"https:\/\/getgrip.de\/blog\/wp-content\/uploads\/2015\/03\/Vorlage_Rechnung_mit_unterschiedlicher_MwSt_Vorschau.png\"><img loading=\"lazy\" decoding=\"async\" width=\"410\" height=\"575\" src=\"https:\/\/getgrip.de\/blog\/wp-content\/uploads\/2015\/03\/Vorlage_Rechnung_mit_unterschiedlicher_MwSt_Vorschau.png\" alt=\"Rechnungsvorlage (Vorschau, PNG-Datei)\" class=\"wp-image-585\"\/><\/a><figcaption class=\"wp-element-caption\">Rechnungsvorlage (Vorschau)<\/figcaption><\/figure>\n<\/div>\n\n\n<p>Das Wichtigste im \u00dcberblick:<\/p>\n\n\n\n<ul class=\"wp-block-list\">\n<li>Mehrere Positionen \/ Leistungen<\/li>\n\n\n\n<li>Jede Position mit individuellem MwSt-Satz m\u00f6glich<\/li>\n\n\n\n<li>Automatische Berechnung von Summen und Steuern<\/li>\n\n\n\n<li>Flexibel anpassbar mit\u00a0Word<\/li>\n<\/ul>\n\n\n\n<p>Wenn Du Leistungen abrechnest, die unterschiedlichen Mehrwertsteuers\u00e4tzen unterliegen, ist die Vorlage perfekt f\u00fcr Dich. Beispielsweise werden Designleistungen\u00a0unter Umst\u00e4nden\u00a0mit dem reduzierten MwSt-Satz besteuert, aber das ist ein anderes Thema, zu dem es Hilfestellung <a href=\"http:\/\/www.designfragen.de\/kosten\/verguetung\" target=\"_blank\" rel=\"noopener noreferrer\">bei designfragen.de<\/a> und <a href=\"https:\/\/designerwissen.allianz-deutscher-designer.de\/designerwissen\/steuer-klassiker-neu-bewertet\/\" target=\"_blank\" rel=\"noreferrer noopener\">beim Designer-Verband AGD<\/a>\u00a0gibt. Du kannst jede Rechnungsposition einem Mehrwertsteuersatz zuordnen, der dann bei der Berechnung des Rechnungsbetrags ber\u00fccksichtigt wird.<\/p>\n\n\n\n<p><strong><em>Tipp:<\/em><\/strong><\/p>\n\n\n\n<p><em>Nachdem Du das Word-Dokument an Deine pers\u00f6nlichen Bed\u00fcrfnisse angepasst hast, speichere sie als Word-Vorlage ab: Speichern unter, dann Format: Word-Vorlage (.dotx) w\u00e4hlen.<\/em><\/p>\n\n\n\n<p>&nbsp;<\/p>\n\n\n\n<p>&nbsp;<\/p>\n","protected":false},"excerpt":{"rendered":"<p>Diese Rechnungsvorlage ist optimiert f\u00fcr die Abrechnung von kreativen Dienstleistungen wie Webdesign, Webentwicklung, Softwareentwicklung, Beratung oder SEO. Verst\u00e4ndlichkeit und \u00dcbersichtlichkeit stehen im Vordergrund. Unsere Vorlage f\u00fcr die Erstellung professioneller Rechnungen (&hellip;) <a href=\"https:\/\/getgrip.de\/blog\/unterlagen\/rechnungsvorlage-mit-verschiedenen-mwst-saetzen-fuer-ms-office\/\">Weiterlesen<\/a><\/p>\n","protected":false},"author":6,"featured_media":585,"parent":523,"menu_order":0,"comment_status":"closed","ping_status":"open","template":"page-templates\/left-sidebar.php","meta":{"footnotes":""},"class_list":["post-575","page","type-page","status-publish","has-post-thumbnail","hentry"],"yoast_head":"<!-- This site is optimized with the Yoast SEO plugin v27.5 - https:\/\/yoast.com\/product\/yoast-seo-wordpress\/ -->\n<title>Rechnungsvorlage f\u00fcr Webdesign, Webentwicklung etc.<\/title>\n<meta name=\"description\" content=\"Rechnungsvorlage f\u00fcr kreative Leistungen wie Webdesign, Webentwicklung, Softwareentwicklung, Beratung etc. (MS-Office)\" \/>\n<meta name=\"robots\" content=\"index, follow, max-snippet:-1, max-image-preview:large, max-video-preview:-1\" \/>\n<link rel=\"canonical\" href=\"https:\/\/getgrip.de\/blog\/unterlagen\/rechnungsvorlage-mit-verschiedenen-mwst-saetzen-fuer-ms-office\/\" \/>\n<meta property=\"og:locale\" content=\"de_DE\" \/>\n<meta property=\"og:type\" content=\"article\" \/>\n<meta property=\"og:title\" content=\"Rechnungsvorlage f\u00fcr Webdesign, Webentwicklung etc.\" \/>\n<meta property=\"og:description\" content=\"Rechnungsvorlage f\u00fcr kreative Leistungen wie Webdesign, Webentwicklung, Softwareentwicklung, Beratung etc. (MS-Office)\" \/>\n<meta property=\"og:url\" content=\"https:\/\/getgrip.de\/blog\/unterlagen\/rechnungsvorlage-mit-verschiedenen-mwst-saetzen-fuer-ms-office\/\" \/>\n<meta property=\"og:site_name\" content=\"Grip Blog\" \/>\n<meta property=\"article:publisher\" content=\"https:\/\/www.facebook.com\/grip.angebotssoftware\" \/>\n<meta property=\"article:modified_time\" content=\"2024-11-15T11:15:48+00:00\" \/>\n<meta property=\"og:image\" content=\"https:\/\/getgrip.de\/blog\/wp-content\/uploads\/2015\/03\/Vorlage_Rechnung_mit_unterschiedlicher_MwSt_Vorschau.png\" \/>\n\t<meta property=\"og:image:width\" content=\"410\" \/>\n\t<meta property=\"og:image:height\" content=\"575\" \/>\n\t<meta property=\"og:image:type\" content=\"image\/png\" \/>\n<meta name=\"twitter:card\" content=\"summary_large_image\" \/>\n<meta name=\"twitter:site\" content=\"@grip_app\" \/>\n<meta name=\"twitter:label1\" content=\"Gesch\u00e4tzte Lesezeit\" \/>\n\t<meta name=\"twitter:data1\" content=\"2\u00a0Minuten\" \/>\n<script type=\"application\/ld+json\" class=\"yoast-schema-graph\">{\"@context\":\"https:\\\/\\\/schema.org\",\"@graph\":[{\"@type\":\"WebPage\",\"@id\":\"https:\\\/\\\/getgrip.de\\\/blog\\\/unterlagen\\\/rechnungsvorlage-mit-verschiedenen-mwst-saetzen-fuer-ms-office\\\/\",\"url\":\"https:\\\/\\\/getgrip.de\\\/blog\\\/unterlagen\\\/rechnungsvorlage-mit-verschiedenen-mwst-saetzen-fuer-ms-office\\\/\",\"name\":\"Rechnungsvorlage f\u00fcr Webdesign, Webentwicklung etc.\",\"isPartOf\":{\"@id\":\"https:\\\/\\\/getgrip.de\\\/blog\\\/#website\"},\"primaryImageOfPage\":{\"@id\":\"https:\\\/\\\/getgrip.de\\\/blog\\\/unterlagen\\\/rechnungsvorlage-mit-verschiedenen-mwst-saetzen-fuer-ms-office\\\/#primaryimage\"},\"image\":{\"@id\":\"https:\\\/\\\/getgrip.de\\\/blog\\\/unterlagen\\\/rechnungsvorlage-mit-verschiedenen-mwst-saetzen-fuer-ms-office\\\/#primaryimage\"},\"thumbnailUrl\":\"https:\\\/\\\/getgrip.de\\\/blog\\\/wp-content\\\/uploads\\\/2015\\\/03\\\/Vorlage_Rechnung_mit_unterschiedlicher_MwSt_Vorschau.png\",\"datePublished\":\"2015-03-26T10:35:18+00:00\",\"dateModified\":\"2024-11-15T11:15:48+00:00\",\"description\":\"Rechnungsvorlage f\u00fcr kreative Leistungen wie Webdesign, Webentwicklung, Softwareentwicklung, Beratung etc. (MS-Office)\",\"breadcrumb\":{\"@id\":\"https:\\\/\\\/getgrip.de\\\/blog\\\/unterlagen\\\/rechnungsvorlage-mit-verschiedenen-mwst-saetzen-fuer-ms-office\\\/#breadcrumb\"},\"inLanguage\":\"de\",\"potentialAction\":[{\"@type\":\"ReadAction\",\"target\":[\"https:\\\/\\\/getgrip.de\\\/blog\\\/unterlagen\\\/rechnungsvorlage-mit-verschiedenen-mwst-saetzen-fuer-ms-office\\\/\"]}]},{\"@type\":\"ImageObject\",\"inLanguage\":\"de\",\"@id\":\"https:\\\/\\\/getgrip.de\\\/blog\\\/unterlagen\\\/rechnungsvorlage-mit-verschiedenen-mwst-saetzen-fuer-ms-office\\\/#primaryimage\",\"url\":\"https:\\\/\\\/getgrip.de\\\/blog\\\/wp-content\\\/uploads\\\/2015\\\/03\\\/Vorlage_Rechnung_mit_unterschiedlicher_MwSt_Vorschau.png\",\"contentUrl\":\"https:\\\/\\\/getgrip.de\\\/blog\\\/wp-content\\\/uploads\\\/2015\\\/03\\\/Vorlage_Rechnung_mit_unterschiedlicher_MwSt_Vorschau.png\",\"width\":410,\"height\":575,\"caption\":\"Rechnungsvorlage mit verschiedenen MwSt-S\u00e4tzen f\u00fcr MS-Office\"},{\"@type\":\"BreadcrumbList\",\"@id\":\"https:\\\/\\\/getgrip.de\\\/blog\\\/unterlagen\\\/rechnungsvorlage-mit-verschiedenen-mwst-saetzen-fuer-ms-office\\\/#breadcrumb\",\"itemListElement\":[{\"@type\":\"ListItem\",\"position\":1,\"name\":\"Vorlagen und Checklisten f\u00fcr Webdesigner, Entwickler, SEOs und Co.\",\"item\":\"https:\\\/\\\/getgrip.de\\\/blog\\\/unterlagen\\\/\"},{\"@type\":\"ListItem\",\"position\":2,\"name\":\"Rechnungsvorlage f\u00fcr kreative Leistungen (MS-Office)\"}]},{\"@type\":\"WebSite\",\"@id\":\"https:\\\/\\\/getgrip.de\\\/blog\\\/#website\",\"url\":\"https:\\\/\\\/getgrip.de\\\/blog\\\/\",\"name\":\"Grip Blog\",\"description\":\"Professionelle Angebote schreiben. In Rekordzeit.\",\"publisher\":{\"@id\":\"https:\\\/\\\/getgrip.de\\\/blog\\\/#organization\"},\"potentialAction\":[{\"@type\":\"SearchAction\",\"target\":{\"@type\":\"EntryPoint\",\"urlTemplate\":\"https:\\\/\\\/getgrip.de\\\/blog\\\/?s={search_term_string}\"},\"query-input\":{\"@type\":\"PropertyValueSpecification\",\"valueRequired\":true,\"valueName\":\"search_term_string\"}}],\"inLanguage\":\"de\"},{\"@type\":\"Organization\",\"@id\":\"https:\\\/\\\/getgrip.de\\\/blog\\\/#organization\",\"name\":\"Grip by T8 Lab GmbH\",\"url\":\"https:\\\/\\\/getgrip.de\\\/blog\\\/\",\"logo\":{\"@type\":\"ImageObject\",\"inLanguage\":\"de\",\"@id\":\"https:\\\/\\\/getgrip.de\\\/blog\\\/#\\\/schema\\\/logo\\\/image\\\/\",\"url\":\"https:\\\/\\\/getgrip.de\\\/blog\\\/wp-content\\\/uploads\\\/2016\\\/01\\\/grip_inverse_sm.png\",\"contentUrl\":\"https:\\\/\\\/getgrip.de\\\/blog\\\/wp-content\\\/uploads\\\/2016\\\/01\\\/grip_inverse_sm.png\",\"width\":200,\"height\":51,\"caption\":\"Grip by T8 Lab GmbH\"},\"image\":{\"@id\":\"https:\\\/\\\/getgrip.de\\\/blog\\\/#\\\/schema\\\/logo\\\/image\\\/\"},\"sameAs\":[\"https:\\\/\\\/www.facebook.com\\\/grip.angebotssoftware\",\"https:\\\/\\\/x.com\\\/grip_app\"]}]}<\/script>\n<!-- \/ Yoast SEO plugin. -->","yoast_head_json":{"title":"Rechnungsvorlage f\u00fcr Webdesign, Webentwicklung etc.","description":"Rechnungsvorlage f\u00fcr kreative Leistungen wie Webdesign, Webentwicklung, Softwareentwicklung, Beratung etc. (MS-Office)","robots":{"index":"index","follow":"follow","max-snippet":"max-snippet:-1","max-image-preview":"max-image-preview:large","max-video-preview":"max-video-preview:-1"},"canonical":"https:\/\/getgrip.de\/blog\/unterlagen\/rechnungsvorlage-mit-verschiedenen-mwst-saetzen-fuer-ms-office\/","og_locale":"de_DE","og_type":"article","og_title":"Rechnungsvorlage f\u00fcr Webdesign, Webentwicklung etc.","og_description":"Rechnungsvorlage f\u00fcr kreative Leistungen wie Webdesign, Webentwicklung, Softwareentwicklung, Beratung etc. (MS-Office)","og_url":"https:\/\/getgrip.de\/blog\/unterlagen\/rechnungsvorlage-mit-verschiedenen-mwst-saetzen-fuer-ms-office\/","og_site_name":"Grip Blog","article_publisher":"https:\/\/www.facebook.com\/grip.angebotssoftware","article_modified_time":"2024-11-15T11:15:48+00:00","og_image":[{"width":410,"height":575,"url":"https:\/\/getgrip.de\/blog\/wp-content\/uploads\/2015\/03\/Vorlage_Rechnung_mit_unterschiedlicher_MwSt_Vorschau.png","type":"image\/png"}],"twitter_card":"summary_large_image","twitter_site":"@grip_app","twitter_misc":{"Gesch\u00e4tzte Lesezeit":"2\u00a0Minuten"},"schema":{"@context":"https:\/\/schema.org","@graph":[{"@type":"WebPage","@id":"https:\/\/getgrip.de\/blog\/unterlagen\/rechnungsvorlage-mit-verschiedenen-mwst-saetzen-fuer-ms-office\/","url":"https:\/\/getgrip.de\/blog\/unterlagen\/rechnungsvorlage-mit-verschiedenen-mwst-saetzen-fuer-ms-office\/","name":"Rechnungsvorlage f\u00fcr Webdesign, Webentwicklung etc.","isPartOf":{"@id":"https:\/\/getgrip.de\/blog\/#website"},"primaryImageOfPage":{"@id":"https:\/\/getgrip.de\/blog\/unterlagen\/rechnungsvorlage-mit-verschiedenen-mwst-saetzen-fuer-ms-office\/#primaryimage"},"image":{"@id":"https:\/\/getgrip.de\/blog\/unterlagen\/rechnungsvorlage-mit-verschiedenen-mwst-saetzen-fuer-ms-office\/#primaryimage"},"thumbnailUrl":"https:\/\/getgrip.de\/blog\/wp-content\/uploads\/2015\/03\/Vorlage_Rechnung_mit_unterschiedlicher_MwSt_Vorschau.png","datePublished":"2015-03-26T10:35:18+00:00","dateModified":"2024-11-15T11:15:48+00:00","description":"Rechnungsvorlage f\u00fcr kreative Leistungen wie Webdesign, Webentwicklung, Softwareentwicklung, Beratung etc. (MS-Office)","breadcrumb":{"@id":"https:\/\/getgrip.de\/blog\/unterlagen\/rechnungsvorlage-mit-verschiedenen-mwst-saetzen-fuer-ms-office\/#breadcrumb"},"inLanguage":"de","potentialAction":[{"@type":"ReadAction","target":["https:\/\/getgrip.de\/blog\/unterlagen\/rechnungsvorlage-mit-verschiedenen-mwst-saetzen-fuer-ms-office\/"]}]},{"@type":"ImageObject","inLanguage":"de","@id":"https:\/\/getgrip.de\/blog\/unterlagen\/rechnungsvorlage-mit-verschiedenen-mwst-saetzen-fuer-ms-office\/#primaryimage","url":"https:\/\/getgrip.de\/blog\/wp-content\/uploads\/2015\/03\/Vorlage_Rechnung_mit_unterschiedlicher_MwSt_Vorschau.png","contentUrl":"https:\/\/getgrip.de\/blog\/wp-content\/uploads\/2015\/03\/Vorlage_Rechnung_mit_unterschiedlicher_MwSt_Vorschau.png","width":410,"height":575,"caption":"Rechnungsvorlage mit verschiedenen MwSt-S\u00e4tzen f\u00fcr MS-Office"},{"@type":"BreadcrumbList","@id":"https:\/\/getgrip.de\/blog\/unterlagen\/rechnungsvorlage-mit-verschiedenen-mwst-saetzen-fuer-ms-office\/#breadcrumb","itemListElement":[{"@type":"ListItem","position":1,"name":"Vorlagen und Checklisten f\u00fcr Webdesigner, Entwickler, SEOs und Co.","item":"https:\/\/getgrip.de\/blog\/unterlagen\/"},{"@type":"ListItem","position":2,"name":"Rechnungsvorlage f\u00fcr kreative Leistungen (MS-Office)"}]},{"@type":"WebSite","@id":"https:\/\/getgrip.de\/blog\/#website","url":"https:\/\/getgrip.de\/blog\/","name":"Grip Blog","description":"Professionelle Angebote schreiben. In Rekordzeit.","publisher":{"@id":"https:\/\/getgrip.de\/blog\/#organization"},"potentialAction":[{"@type":"SearchAction","target":{"@type":"EntryPoint","urlTemplate":"https:\/\/getgrip.de\/blog\/?s={search_term_string}"},"query-input":{"@type":"PropertyValueSpecification","valueRequired":true,"valueName":"search_term_string"}}],"inLanguage":"de"},{"@type":"Organization","@id":"https:\/\/getgrip.de\/blog\/#organization","name":"Grip by T8 Lab GmbH","url":"https:\/\/getgrip.de\/blog\/","logo":{"@type":"ImageObject","inLanguage":"de","@id":"https:\/\/getgrip.de\/blog\/#\/schema\/logo\/image\/","url":"https:\/\/getgrip.de\/blog\/wp-content\/uploads\/2016\/01\/grip_inverse_sm.png","contentUrl":"https:\/\/getgrip.de\/blog\/wp-content\/uploads\/2016\/01\/grip_inverse_sm.png","width":200,"height":51,"caption":"Grip by T8 Lab GmbH"},"image":{"@id":"https:\/\/getgrip.de\/blog\/#\/schema\/logo\/image\/"},"sameAs":["https:\/\/www.facebook.com\/grip.angebotssoftware","https:\/\/x.com\/grip_app"]}]}},"_links":{"self":[{"href":"https:\/\/getgrip.de\/blog\/wp-json\/wp\/v2\/pages\/575","targetHints":{"allow":["GET"]}}],"collection":[{"href":"https:\/\/getgrip.de\/blog\/wp-json\/wp\/v2\/pages"}],"about":[{"href":"https:\/\/getgrip.de\/blog\/wp-json\/wp\/v2\/types\/page"}],"author":[{"embeddable":true,"href":"https:\/\/getgrip.de\/blog\/wp-json\/wp\/v2\/users\/6"}],"replies":[{"embeddable":true,"href":"https:\/\/getgrip.de\/blog\/wp-json\/wp\/v2\/comments?post=575"}],"version-history":[{"count":26,"href":"https:\/\/getgrip.de\/blog\/wp-json\/wp\/v2\/pages\/575\/revisions"}],"predecessor-version":[{"id":1836,"href":"https:\/\/getgrip.de\/blog\/wp-json\/wp\/v2\/pages\/575\/revisions\/1836"}],"up":[{"embeddable":true,"href":"https:\/\/getgrip.de\/blog\/wp-json\/wp\/v2\/pages\/523"}],"wp:featuredmedia":[{"embeddable":true,"href":"https:\/\/getgrip.de\/blog\/wp-json\/wp\/v2\/media\/585"}],"wp:attachment":[{"href":"https:\/\/getgrip.de\/blog\/wp-json\/wp\/v2\/media?parent=575"}],"curies":[{"name":"wp","href":"https:\/\/api.w.org\/{rel}","templated":true}]}}