{"id":730,"date":"2015-11-26T13:49:18","date_gmt":"2015-11-26T12:49:18","guid":{"rendered":"http:\/\/blog.getgrip.de\/?page_id=730"},"modified":"2024-11-14T12:10:19","modified_gmt":"2024-11-14T11:10:19","slug":"auftraege-und-jobs-fuer-webdesigner-webentwickler-programmierer-und-mehr","status":"publish","type":"page","link":"https:\/\/getgrip.de\/blog\/fuer-webworker\/auftraege-und-jobs-fuer-webdesigner-webentwickler-programmierer-und-mehr\/","title":{"rendered":"Auftr\u00e4ge und Jobs f\u00fcr Webdesigner, Webentwickler, Programmierer und mehr"},"content":{"rendered":"<div class=\"wp-block-image\">\n<figure class=\"alignleft\"><img loading=\"lazy\" decoding=\"async\" width=\"960\" height=\"493\" src=\"https:\/\/getgrip.de\/blog\/wp-content\/uploads\/2015\/11\/auftraege_und_jobs.jpg\" alt=\"Auftr\u00e4ge und Jobs\" class=\"wp-image-736\"\/><\/figure>\n<\/div>\n\n\n<p><\/p>\n\n\n\n<p>&nbsp;<\/p>\n\n\n\n<h2 class=\"wp-block-heading\"><\/h2>\n\n\n\n<p>Insbesondere zu Beginn&nbsp;einer selbst\u00e4ndigen T\u00e4tigkeit ist die Akquise neuer Auftr\u00e4ge und Kunden eine Herausforderung. Hier stellen wir dir&nbsp;Plattformen &amp; B\u00f6rsen f\u00fcr Auftr\u00e4ge f\u00fcr Webdesigner, Webentwickler, Programmierer und andere Webworker&nbsp;vor. Weiter unten gibt es auch eine Verzeichnis f\u00fcr Anstellungen, die in geringerem Umfang&nbsp;ebenfalls freiberufliche Auftr\u00e4ge enthalten.<\/p>\n\n\n\n<h2 class=\"wp-block-heading\">Tipps<\/h2>\n\n\n\n<p>Ein Vermittler nimmt dir nicht nur Arbeit ab, sondern h\u00e4ufig auch einen signifikanten Teil des Umsatzes. Es ist daher meist von Vorteil selbst aktiv zu werden. Hier gibt es Tipps, wie du am besten vorgehst: <a href=\"\/blog\/?s=kunden&amp;submit=Search\">Kunden finden und gewinnen<\/a>, <a href=\"\/angebot-schreiben\/anfrage\">Anfragen beantworten<\/a>, <a href=\"\/angebot-schreiben\/inhalte-eines-angebots\">was soll ein Angebot enthalten?<\/a>, <a href=\"\/angebot-schreiben\/alternativpositionen-optionale-positionen\">mehr Umsatz durch optionale oder alternative Leistungen<\/a> erzielen und wie du <a href=\"\/angebot-schreiben\/mit-chatgpt\">KI beim Angebote Schreiben nutzen<\/a> kannst.<\/p>\n\n\n\n<p>&nbsp;<\/p>\n\n\n\n<h2 class=\"wp-block-heading\">Verzeichnis: Auftragsb\u00f6rsen und Auftragsplattformen f\u00fcr Webworker<\/h2>\n\n\n\n<h4 class=\"wp-block-heading\">Webdesign Freelancer<\/h4>\n\n\n\n<p>Auftragsb\u00f6rse mit Projekten aus der D-A-CH-Region. Thematisch geht es um Web, Programmierung, Medien, Design, \u00dcbersetzung und Texten. Kosten: Pauschal pro Angebotsabgabe (!)<br>\n<a href=\"http:\/\/www.webdesign-freelancer.ch\/\" target=\"_blank\">webdesign-freelancer.ch<\/a><\/p>\n\n\n\n<h4 class=\"wp-block-heading\">Freelance Market<\/h4>\n\n\n\n<p>Freelance Market kommt etwas altbacken daher, bietet aber den Vorteil, dass es wenig Arbeit macht. Als Freelancer tr\u00e4gt man sein Profil mit Stundensatz ein und l\u00e4sst sich (f\u00fcr den Freelancer&nbsp;geb\u00fchrenpflichtig) kontaktieren. Die Ver\u00f6ffentlichung erfolgt anonym per Chiffre.&nbsp;Kosten: zwei&nbsp;Stundens\u00e4tze f\u00fcr die Kontaktherstellung<br>\n<a href=\"http:\/\/www.freelance-market.de\/\" target=\"_blank\">freelance-market.de<\/a>&nbsp;oder<\/p>\n\n\n\n<h4 class=\"wp-block-heading\">Freelancer \u00d6sterreich<\/h4>\n\n\n\n<p>Das \u00f6sterreichische Pendant zu Freelance Market (und gleichzeitig das Original)<br>\n<a href=\"http:\/\/www.freelancer-oesterreich.at\/\" target=\"_blank\">freelancer-oesterreich.at<\/a><\/p>\n\n\n\n<h4 class=\"wp-block-heading\">Freelancer Schweiz<\/h4>\n\n\n\n<p>Das schweizerische&nbsp;Pendant zu Freelance Market<br>\n<a href=\"http:\/\/www.freelancer-schweiz.ch\/\" target=\"_blank\">freelancer-schweiz.ch<\/a><\/p>\n\n\n\n<h4 class=\"wp-block-heading\">Freelancer<\/h4>\n\n\n\n<p>Deutscher Ableger einer gro\u00dfen internationalen Plattform mit sehr breiter Themenpalette:&nbsp;Websites, IT &amp; Software,&nbsp;Artikel, Texten, Content, Medien, Grafikdesign, Webdesign, Logo-Design, CSS, Photoshop, Internet-Marketing, Marketing, Verkauf, Facebook-Marketing, Soziale-Medien-Marketing etc. Kosten: Provision, optional: pauschale Geb\u00fchren f\u00fcr Zusatzleistungen<br>\n<a href=\"https:\/\/www.freelancer.de\/\" target=\"_blank\">freelancer.de<\/a><\/p>\n\n\n\n<h4 class=\"wp-block-heading\">Upwork<\/h4>\n\n\n\n<p>Englischsprachige globale Plattform mit Auftr\u00e4gen in zahlreichen Fachgebieten wie\u00a0Web, Mobile &amp; Software Development,\u00a0Design &amp; Creative,\u00a0Admin Support, IT,\u00a0Writing,\u00a0Sales &amp; Marketing, Analytics etc. Die Abrechnung und Bezahlung erfolgt \u00fcber Upwork. Kosten: Provision<br><br><a href=\"https:\/\/www.upwork.com\/\" target=\"_blank\">upwork.com<\/a><\/p>\n\n\n\n<h4 class=\"wp-block-heading\">twago<\/h4>\n\n\n\n<p>twago ist eine Projektb\u00f6rse, die ihren Ursprung in&nbsp;Deutschland hat. Abrechnung&nbsp;udn Bezahlung l\u00e4uft \u00fcber twago.<br>\nKosten: Pauschale Geb\u00fchren zuz\u00fcglich Provision.<br>\n<a href=\"https:\/\/www.twago.de\/s\/projects\/\" target=\"_blank\">twago.de<\/a><\/p>\n\n\n\n<h4 class=\"wp-block-heading\">Freelance.de<\/h4>\n\n\n\n<p>Freelance.de stellt den Kontakt zwischen potenziellen Auftraggebern und Freelancern aus diversen Branchen her.<br>\nKosten: eingeschr\u00e4nkt kostenlos nutzbar, sonst pauschale Geb\u00fchren.<br>\n<a href=\"https:\/\/www.freelance.de\/\" target=\"_blank\">freelance.de<\/a><\/p>\n\n\n\n<h4 class=\"wp-block-heading\">Designenlassen<\/h4>\n\n\n\n<p>Auftragsplattform f\u00fcr Logo- und Corporate Design, Webdesign, Apps, Werbemittel uvm. Funktioniert nach dem Wettbewerbsprinzip, d.h. mehrere Designer geben Entw\u00fcrfe ab, am Ende wird einer davon gew\u00e4hlt und bezahlt.<br>\nVerg\u00fctung nach zuvor bekanntem Festpreis, sofern du den Zuschlag erh\u00e4ltst.<br>\n<a href=\"http:\/\/www.designenlassen.de\/\" target=\"_blank\">designenlassen.de<\/a><\/p>\n\n\n\n<h4 class=\"wp-block-heading\">99 Designs<\/h4>\n\n\n\n<p>Internationales Pendant zu designenlassen.<br>\nVerg\u00fctung nach zuvor bekanntem Festpreis, sofern du den Zuschlag erh\u00e4ltst.<br>\n<a href=\"http:\/\/99designs.de\/\" target=\"_blank\">99designs.de<\/a><\/p>\n\n\n\n<h4 class=\"wp-block-heading\">Gulp<\/h4>\n\n\n\n<p>Projektportal und Personalagentur f\u00fcr externe IT- und Engineering-Spezialisten. Kosten:&nbsp;Umsatzprovision, optional: pauschale Geb\u00fchr f\u00fcr Zusatzleistungen<br>\n<a href=\"https:\/\/www.gulp.de\/\" target=\"_blank\">gulp.de<\/a><\/p>\n\n\n\n<h4 class=\"wp-block-heading\">IT Ausschreibung<\/h4>\n\n\n\n<p>Diese Auftragsb\u00f6rse ist auf IT- und EDV-Auftr\u00e4ge.spezialisiert.<br>\nKosten: Pauschale Geb\u00fchren<br>\n<a href=\"http:\/\/www.it-ausschreibung.de\/\" target=\"_blank\">it-ausschreibung.de<\/a><\/p>\n\n\n\n<h4 class=\"wp-block-heading\">Freelancermap<\/h4>\n\n\n\n<p>Auftragsb\u00f6rse, prim\u00e4r f\u00fcr IT-Projekte.<br>\nKosten: pauschale Geb\u00fchren<br>\n<a href=\"http:\/\/www.freelancermap.de\/\" target=\"_blank\">freelancermap.de<\/a><\/p>\n\n\n\n<p>&nbsp;<\/p>\n\n\n\n<h2 class=\"wp-block-heading\">B\u00f6rsen &amp; Portale f\u00fcr&nbsp;Festanstellungen (prim\u00e4r)<\/h2>\n\n\n\n<h4 class=\"wp-block-heading\">t3n Jobs<\/h4>\n\n\n\n<p>Jobb\u00f6rse f\u00fcr Webworker<br>\n<a href=\"http:\/\/t3n.de\/jobs\/\" target=\"_blank\">t3n.de\/jobs<\/a><\/p>\n\n\n\n<h4 class=\"wp-block-heading\">4 scotty<\/h4>\n\n\n\n<p>Recruiting-Plattform f\u00fcr Tech-Spezialisten<br>\n<a href=\"https:\/\/4scotty.com\/\" target=\"_blank\">4scotty.com<\/a><\/p>\n\n\n\n<h4 class=\"wp-block-heading\">Smashing Magazine<\/h4>\n\n\n\n<p>Smashing Magazine bietet eine internationale, englischsprachige Jobb\u00f6rse, die vor allem Anstellungen, aber auch einige Freelancer-Auftr\u00e4ge vermittelt.<br>\n<a href=\"http:\/\/jobs.smashingmagazine.com\" target=\"_blank\">jobs.smashingmagazine.com<\/a><\/p>\n\n\n\n<h4 class=\"wp-block-heading\">Bechance&nbsp;Jobs<\/h4>\n\n\n\n<p>Internationales Jobboard&nbsp;f\u00fcr Kreative<br>\n<a href=\"https:\/\/www.behance.net\/joblist\" target=\"_blank\">behance.net\/joblist<\/a><\/p>\n\n\n\n<h4 class=\"wp-block-heading\">dribbble Jobs<\/h4>\n\n\n\n<p>Noch ein internationales Jobboard&nbsp;f\u00fcr Kreative<a href=\"https:\/\/dribbble.com\/jobs?location=germany\" target=\"_blank\"><br>\ndribbble.com\/jobs<\/a><\/p>\n\n\n\n<h2 class=\"wp-block-heading\">Fehlt ein Eintrag?<\/h2>\n\n\n\n<p>Kennst du eine weitere Job- oder Auftragsb\u00f6rse, die hier nicht fehlen sollten? Hinterlasse einen Kommentar mit URL.<\/p>\n","protected":false},"excerpt":{"rendered":"<p>&nbsp; Insbesondere zu Beginn&nbsp;einer selbst\u00e4ndigen T\u00e4tigkeit ist die Akquise neuer Auftr\u00e4ge und Kunden eine Herausforderung. Hier stellen wir dir&nbsp;Plattformen &amp; B\u00f6rsen f\u00fcr Auftr\u00e4ge f\u00fcr Webdesigner, Webentwickler, Programmierer und andere Webworker&nbsp;vor. (&hellip;) <a href=\"https:\/\/getgrip.de\/blog\/fuer-webworker\/auftraege-und-jobs-fuer-webdesigner-webentwickler-programmierer-und-mehr\/\">Weiterlesen<\/a><\/p>\n","protected":false},"author":1,"featured_media":0,"parent":731,"menu_order":0,"comment_status":"open","ping_status":"closed","template":"","meta":{"footnotes":""},"class_list":["post-730","page","type-page","status-publish","hentry"],"yoast_head":"<!-- This site is optimized with the Yoast SEO plugin v27.5 - https:\/\/yoast.com\/product\/yoast-seo-wordpress\/ -->\n<title>Auftr\u00e4ge und Jobs f\u00fcr Webdesigner, Webentwickler, Programmierer<\/title>\n<meta name=\"description\" content=\"Plattformen &amp; B\u00f6rsen f\u00fcr Auftr\u00e4ge und Jobs f\u00fcr Webdesigner, Webentwickler, Programmierer\" \/>\n<meta name=\"robots\" content=\"index, follow, max-snippet:-1, max-image-preview:large, max-video-preview:-1\" \/>\n<link rel=\"canonical\" href=\"https:\/\/getgrip.de\/blog\/fuer-webworker\/auftraege-und-jobs-fuer-webdesigner-webentwickler-programmierer-und-mehr\/\" \/>\n<meta property=\"og:locale\" content=\"de_DE\" \/>\n<meta property=\"og:type\" content=\"article\" \/>\n<meta property=\"og:title\" content=\"Auftr\u00e4ge und Jobs f\u00fcr Webdesigner, Webentwickler, Programmierer\" \/>\n<meta property=\"og:description\" content=\"Plattformen &amp; B\u00f6rsen f\u00fcr Auftr\u00e4ge und Jobs f\u00fcr Webdesigner, Webentwickler, Programmierer\" \/>\n<meta property=\"og:url\" content=\"https:\/\/getgrip.de\/blog\/fuer-webworker\/auftraege-und-jobs-fuer-webdesigner-webentwickler-programmierer-und-mehr\/\" \/>\n<meta property=\"og:site_name\" content=\"Grip Blog\" \/>\n<meta property=\"article:publisher\" content=\"https:\/\/www.facebook.com\/grip.angebotssoftware\" \/>\n<meta property=\"article:modified_time\" content=\"2024-11-14T11:10:19+00:00\" \/>\n<meta property=\"og:image\" content=\"https:\/\/getgrip.de\/blog\/wp-content\/uploads\/2015\/11\/auftraege_und_jobs.jpg\" \/>\n\t<meta property=\"og:image:width\" content=\"960\" \/>\n\t<meta property=\"og:image:height\" content=\"493\" \/>\n\t<meta property=\"og:image:type\" content=\"image\/jpeg\" \/>\n<meta name=\"twitter:card\" content=\"summary_large_image\" \/>\n<meta name=\"twitter:site\" content=\"@grip_app\" \/>\n<meta name=\"twitter:label1\" content=\"Gesch\u00e4tzte Lesezeit\" \/>\n\t<meta name=\"twitter:data1\" content=\"3\u00a0Minuten\" \/>\n<script type=\"application\/ld+json\" class=\"yoast-schema-graph\">{\"@context\":\"https:\\\/\\\/schema.org\",\"@graph\":[{\"@type\":\"WebPage\",\"@id\":\"https:\\\/\\\/getgrip.de\\\/blog\\\/fuer-webworker\\\/auftraege-und-jobs-fuer-webdesigner-webentwickler-programmierer-und-mehr\\\/\",\"url\":\"https:\\\/\\\/getgrip.de\\\/blog\\\/fuer-webworker\\\/auftraege-und-jobs-fuer-webdesigner-webentwickler-programmierer-und-mehr\\\/\",\"name\":\"Auftr\u00e4ge und Jobs f\u00fcr Webdesigner, Webentwickler, Programmierer\",\"isPartOf\":{\"@id\":\"https:\\\/\\\/getgrip.de\\\/blog\\\/#website\"},\"primaryImageOfPage\":{\"@id\":\"https:\\\/\\\/getgrip.de\\\/blog\\\/fuer-webworker\\\/auftraege-und-jobs-fuer-webdesigner-webentwickler-programmierer-und-mehr\\\/#primaryimage\"},\"image\":{\"@id\":\"https:\\\/\\\/getgrip.de\\\/blog\\\/fuer-webworker\\\/auftraege-und-jobs-fuer-webdesigner-webentwickler-programmierer-und-mehr\\\/#primaryimage\"},\"thumbnailUrl\":\"https:\\\/\\\/getgrip.de\\\/blog\\\/wp-content\\\/uploads\\\/2015\\\/11\\\/auftraege_und_jobs.jpg\",\"datePublished\":\"2015-11-26T12:49:18+00:00\",\"dateModified\":\"2024-11-14T11:10:19+00:00\",\"description\":\"Plattformen & B\u00f6rsen f\u00fcr Auftr\u00e4ge und Jobs f\u00fcr Webdesigner, Webentwickler, Programmierer\",\"breadcrumb\":{\"@id\":\"https:\\\/\\\/getgrip.de\\\/blog\\\/fuer-webworker\\\/auftraege-und-jobs-fuer-webdesigner-webentwickler-programmierer-und-mehr\\\/#breadcrumb\"},\"inLanguage\":\"de\",\"potentialAction\":[{\"@type\":\"ReadAction\",\"target\":[\"https:\\\/\\\/getgrip.de\\\/blog\\\/fuer-webworker\\\/auftraege-und-jobs-fuer-webdesigner-webentwickler-programmierer-und-mehr\\\/\"]}]},{\"@type\":\"ImageObject\",\"inLanguage\":\"de\",\"@id\":\"https:\\\/\\\/getgrip.de\\\/blog\\\/fuer-webworker\\\/auftraege-und-jobs-fuer-webdesigner-webentwickler-programmierer-und-mehr\\\/#primaryimage\",\"url\":\"https:\\\/\\\/getgrip.de\\\/blog\\\/wp-content\\\/uploads\\\/2015\\\/11\\\/auftraege_und_jobs.jpg\",\"contentUrl\":\"https:\\\/\\\/getgrip.de\\\/blog\\\/wp-content\\\/uploads\\\/2015\\\/11\\\/auftraege_und_jobs.jpg\",\"width\":960,\"height\":493,\"caption\":\"Auftr\u00e4ge und Jobs\"},{\"@type\":\"BreadcrumbList\",\"@id\":\"https:\\\/\\\/getgrip.de\\\/blog\\\/fuer-webworker\\\/auftraege-und-jobs-fuer-webdesigner-webentwickler-programmierer-und-mehr\\\/#breadcrumb\",\"itemListElement\":[{\"@type\":\"ListItem\",\"position\":1,\"name\":\"F\u00fcr Webworker\",\"item\":\"https:\\\/\\\/getgrip.de\\\/blog\\\/fuer-webworker\\\/\"},{\"@type\":\"ListItem\",\"position\":2,\"name\":\"Auftr\u00e4ge und Jobs f\u00fcr Webdesigner, Webentwickler, Programmierer und mehr\"}]},{\"@type\":\"WebSite\",\"@id\":\"https:\\\/\\\/getgrip.de\\\/blog\\\/#website\",\"url\":\"https:\\\/\\\/getgrip.de\\\/blog\\\/\",\"name\":\"Grip Blog\",\"description\":\"Professionelle Angebote schreiben. In Rekordzeit.\",\"publisher\":{\"@id\":\"https:\\\/\\\/getgrip.de\\\/blog\\\/#organization\"},\"potentialAction\":[{\"@type\":\"SearchAction\",\"target\":{\"@type\":\"EntryPoint\",\"urlTemplate\":\"https:\\\/\\\/getgrip.de\\\/blog\\\/?s={search_term_string}\"},\"query-input\":{\"@type\":\"PropertyValueSpecification\",\"valueRequired\":true,\"valueName\":\"search_term_string\"}}],\"inLanguage\":\"de\"},{\"@type\":\"Organization\",\"@id\":\"https:\\\/\\\/getgrip.de\\\/blog\\\/#organization\",\"name\":\"Grip by T8 Lab GmbH\",\"url\":\"https:\\\/\\\/getgrip.de\\\/blog\\\/\",\"logo\":{\"@type\":\"ImageObject\",\"inLanguage\":\"de\",\"@id\":\"https:\\\/\\\/getgrip.de\\\/blog\\\/#\\\/schema\\\/logo\\\/image\\\/\",\"url\":\"https:\\\/\\\/getgrip.de\\\/blog\\\/wp-content\\\/uploads\\\/2016\\\/01\\\/grip_inverse_sm.png\",\"contentUrl\":\"https:\\\/\\\/getgrip.de\\\/blog\\\/wp-content\\\/uploads\\\/2016\\\/01\\\/grip_inverse_sm.png\",\"width\":200,\"height\":51,\"caption\":\"Grip by T8 Lab GmbH\"},\"image\":{\"@id\":\"https:\\\/\\\/getgrip.de\\\/blog\\\/#\\\/schema\\\/logo\\\/image\\\/\"},\"sameAs\":[\"https:\\\/\\\/www.facebook.com\\\/grip.angebotssoftware\",\"https:\\\/\\\/x.com\\\/grip_app\"]}]}<\/script>\n<!-- \/ Yoast SEO plugin. -->","yoast_head_json":{"title":"Auftr\u00e4ge und Jobs f\u00fcr Webdesigner, Webentwickler, Programmierer","description":"Plattformen & B\u00f6rsen f\u00fcr Auftr\u00e4ge und Jobs f\u00fcr Webdesigner, Webentwickler, Programmierer","robots":{"index":"index","follow":"follow","max-snippet":"max-snippet:-1","max-image-preview":"max-image-preview:large","max-video-preview":"max-video-preview:-1"},"canonical":"https:\/\/getgrip.de\/blog\/fuer-webworker\/auftraege-und-jobs-fuer-webdesigner-webentwickler-programmierer-und-mehr\/","og_locale":"de_DE","og_type":"article","og_title":"Auftr\u00e4ge und Jobs f\u00fcr Webdesigner, Webentwickler, Programmierer","og_description":"Plattformen & B\u00f6rsen f\u00fcr Auftr\u00e4ge und Jobs f\u00fcr Webdesigner, Webentwickler, Programmierer","og_url":"https:\/\/getgrip.de\/blog\/fuer-webworker\/auftraege-und-jobs-fuer-webdesigner-webentwickler-programmierer-und-mehr\/","og_site_name":"Grip Blog","article_publisher":"https:\/\/www.facebook.com\/grip.angebotssoftware","article_modified_time":"2024-11-14T11:10:19+00:00","og_image":[{"width":960,"height":493,"url":"https:\/\/getgrip.de\/blog\/wp-content\/uploads\/2015\/11\/auftraege_und_jobs.jpg","type":"image\/jpeg"}],"twitter_card":"summary_large_image","twitter_site":"@grip_app","twitter_misc":{"Gesch\u00e4tzte Lesezeit":"3\u00a0Minuten"},"schema":{"@context":"https:\/\/schema.org","@graph":[{"@type":"WebPage","@id":"https:\/\/getgrip.de\/blog\/fuer-webworker\/auftraege-und-jobs-fuer-webdesigner-webentwickler-programmierer-und-mehr\/","url":"https:\/\/getgrip.de\/blog\/fuer-webworker\/auftraege-und-jobs-fuer-webdesigner-webentwickler-programmierer-und-mehr\/","name":"Auftr\u00e4ge und Jobs f\u00fcr Webdesigner, Webentwickler, Programmierer","isPartOf":{"@id":"https:\/\/getgrip.de\/blog\/#website"},"primaryImageOfPage":{"@id":"https:\/\/getgrip.de\/blog\/fuer-webworker\/auftraege-und-jobs-fuer-webdesigner-webentwickler-programmierer-und-mehr\/#primaryimage"},"image":{"@id":"https:\/\/getgrip.de\/blog\/fuer-webworker\/auftraege-und-jobs-fuer-webdesigner-webentwickler-programmierer-und-mehr\/#primaryimage"},"thumbnailUrl":"https:\/\/getgrip.de\/blog\/wp-content\/uploads\/2015\/11\/auftraege_und_jobs.jpg","datePublished":"2015-11-26T12:49:18+00:00","dateModified":"2024-11-14T11:10:19+00:00","description":"Plattformen & B\u00f6rsen f\u00fcr Auftr\u00e4ge und Jobs f\u00fcr Webdesigner, Webentwickler, Programmierer","breadcrumb":{"@id":"https:\/\/getgrip.de\/blog\/fuer-webworker\/auftraege-und-jobs-fuer-webdesigner-webentwickler-programmierer-und-mehr\/#breadcrumb"},"inLanguage":"de","potentialAction":[{"@type":"ReadAction","target":["https:\/\/getgrip.de\/blog\/fuer-webworker\/auftraege-und-jobs-fuer-webdesigner-webentwickler-programmierer-und-mehr\/"]}]},{"@type":"ImageObject","inLanguage":"de","@id":"https:\/\/getgrip.de\/blog\/fuer-webworker\/auftraege-und-jobs-fuer-webdesigner-webentwickler-programmierer-und-mehr\/#primaryimage","url":"https:\/\/getgrip.de\/blog\/wp-content\/uploads\/2015\/11\/auftraege_und_jobs.jpg","contentUrl":"https:\/\/getgrip.de\/blog\/wp-content\/uploads\/2015\/11\/auftraege_und_jobs.jpg","width":960,"height":493,"caption":"Auftr\u00e4ge und Jobs"},{"@type":"BreadcrumbList","@id":"https:\/\/getgrip.de\/blog\/fuer-webworker\/auftraege-und-jobs-fuer-webdesigner-webentwickler-programmierer-und-mehr\/#breadcrumb","itemListElement":[{"@type":"ListItem","position":1,"name":"F\u00fcr Webworker","item":"https:\/\/getgrip.de\/blog\/fuer-webworker\/"},{"@type":"ListItem","position":2,"name":"Auftr\u00e4ge und Jobs f\u00fcr Webdesigner, Webentwickler, Programmierer und mehr"}]},{"@type":"WebSite","@id":"https:\/\/getgrip.de\/blog\/#website","url":"https:\/\/getgrip.de\/blog\/","name":"Grip Blog","description":"Professionelle Angebote schreiben. In Rekordzeit.","publisher":{"@id":"https:\/\/getgrip.de\/blog\/#organization"},"potentialAction":[{"@type":"SearchAction","target":{"@type":"EntryPoint","urlTemplate":"https:\/\/getgrip.de\/blog\/?s={search_term_string}"},"query-input":{"@type":"PropertyValueSpecification","valueRequired":true,"valueName":"search_term_string"}}],"inLanguage":"de"},{"@type":"Organization","@id":"https:\/\/getgrip.de\/blog\/#organization","name":"Grip by T8 Lab GmbH","url":"https:\/\/getgrip.de\/blog\/","logo":{"@type":"ImageObject","inLanguage":"de","@id":"https:\/\/getgrip.de\/blog\/#\/schema\/logo\/image\/","url":"https:\/\/getgrip.de\/blog\/wp-content\/uploads\/2016\/01\/grip_inverse_sm.png","contentUrl":"https:\/\/getgrip.de\/blog\/wp-content\/uploads\/2016\/01\/grip_inverse_sm.png","width":200,"height":51,"caption":"Grip by T8 Lab GmbH"},"image":{"@id":"https:\/\/getgrip.de\/blog\/#\/schema\/logo\/image\/"},"sameAs":["https:\/\/www.facebook.com\/grip.angebotssoftware","https:\/\/x.com\/grip_app"]}]}},"_links":{"self":[{"href":"https:\/\/getgrip.de\/blog\/wp-json\/wp\/v2\/pages\/730","targetHints":{"allow":["GET"]}}],"collection":[{"href":"https:\/\/getgrip.de\/blog\/wp-json\/wp\/v2\/pages"}],"about":[{"href":"https:\/\/getgrip.de\/blog\/wp-json\/wp\/v2\/types\/page"}],"author":[{"embeddable":true,"href":"https:\/\/getgrip.de\/blog\/wp-json\/wp\/v2\/users\/1"}],"replies":[{"embeddable":true,"href":"https:\/\/getgrip.de\/blog\/wp-json\/wp\/v2\/comments?post=730"}],"version-history":[{"count":17,"href":"https:\/\/getgrip.de\/blog\/wp-json\/wp\/v2\/pages\/730\/revisions"}],"predecessor-version":[{"id":1813,"href":"https:\/\/getgrip.de\/blog\/wp-json\/wp\/v2\/pages\/730\/revisions\/1813"}],"up":[{"embeddable":true,"href":"https:\/\/getgrip.de\/blog\/wp-json\/wp\/v2\/pages\/731"}],"wp:attachment":[{"href":"https:\/\/getgrip.de\/blog\/wp-json\/wp\/v2\/media?parent=730"}],"curies":[{"name":"wp","href":"https:\/\/api.w.org\/{rel}","templated":true}]}}